{"id":24,"date":"2021-02-25T22:41:52","date_gmt":"2021-02-25T22:41:52","guid":{"rendered":"https:\/\/www.estudiocacciabue.ar\/consultores_asociados\/inicio\/"},"modified":"2023-08-09T20:37:14","modified_gmt":"2023-08-09T20:37:14","slug":"inicio","status":"publish","type":"page","link":"https:\/\/www.estudiocacciabue.com.ar\/consultores_asociados\/","title":{"rendered":""},"content":{"rendered":"\n<figure class=\"wp-block-image alignfull size-large\"><img loading=\"lazy\" decoding=\"async\" width=\"1024\" height=\"768\" src=\"https:\/\/www.estudiocacciabue.ar\/consultores_asociados\/wp-content\/uploads\/2022\/06\/WhatsApp-Image-2022-05-31-at-3.40.22-PM-2-1024x768.jpeg\" alt=\"\" class=\"wp-image-129\" srcset=\"https:\/\/www.estudiocacciabue.com.ar\/consultores_asociados\/wp-content\/uploads\/2022\/06\/WhatsApp-Image-2022-05-31-at-3.40.22-PM-2-1024x768.jpeg 1024w, https:\/\/www.estudiocacciabue.com.ar\/consultores_asociados\/wp-content\/uploads\/2022\/06\/WhatsApp-Image-2022-05-31-at-3.40.22-PM-2-300x225.jpeg 300w, https:\/\/www.estudiocacciabue.com.ar\/consultores_asociados\/wp-content\/uploads\/2022\/06\/WhatsApp-Image-2022-05-31-at-3.40.22-PM-2-768x576.jpeg 768w, https:\/\/www.estudiocacciabue.com.ar\/consultores_asociados\/wp-content\/uploads\/2022\/06\/WhatsApp-Image-2022-05-31-at-3.40.22-PM-2-1536x1152.jpeg 1536w, https:\/\/www.estudiocacciabue.com.ar\/consultores_asociados\/wp-content\/uploads\/2022\/06\/WhatsApp-Image-2022-05-31-at-3.40.22-PM-2.jpeg 1600w\" sizes=\"(max-width: 1024px) 100vw, 1024px\" \/><\/figure>\n\n\n\n<h2 class=\"wp-block-heading has-text-align-center has-text-color\" style=\"color:#606969\">Contadores P\u00fablicos<\/h2>\n\n\n\n<figure class=\"wp-block-gallery alignfull has-nested-images columns-default is-cropped coblocks-animate wp-block-gallery-1 is-layout-flex wp-block-gallery-is-layout-flex\" data-coblocks-animation=\"slideInBottom\">\n<figure class=\"wp-block-image size-large\"><img loading=\"lazy\" decoding=\"async\" width=\"1024\" height=\"768\" data-id=\"128\" src=\"https:\/\/www.estudiocacciabue.ar\/consultores_asociados\/wp-content\/uploads\/2022\/06\/WhatsApp-Image-2022-05-31-at-3.40.22-PM-1024x768.jpeg\" alt=\"\" class=\"wp-image-128\" srcset=\"https:\/\/www.estudiocacciabue.com.ar\/consultores_asociados\/wp-content\/uploads\/2022\/06\/WhatsApp-Image-2022-05-31-at-3.40.22-PM-1024x768.jpeg 1024w, https:\/\/www.estudiocacciabue.com.ar\/consultores_asociados\/wp-content\/uploads\/2022\/06\/WhatsApp-Image-2022-05-31-at-3.40.22-PM-300x225.jpeg 300w, https:\/\/www.estudiocacciabue.com.ar\/consultores_asociados\/wp-content\/uploads\/2022\/06\/WhatsApp-Image-2022-05-31-at-3.40.22-PM-768x576.jpeg 768w, https:\/\/www.estudiocacciabue.com.ar\/consultores_asociados\/wp-content\/uploads\/2022\/06\/WhatsApp-Image-2022-05-31-at-3.40.22-PM-1536x1152.jpeg 1536w, https:\/\/www.estudiocacciabue.com.ar\/consultores_asociados\/wp-content\/uploads\/2022\/06\/WhatsApp-Image-2022-05-31-at-3.40.22-PM.jpeg 1600w\" sizes=\"(max-width: 1024px) 100vw, 1024px\" \/><\/figure>\n\n\n\n<figure class=\"wp-block-image size-large\"><img loading=\"lazy\" decoding=\"async\" width=\"768\" height=\"1024\" data-id=\"126\" src=\"https:\/\/www.estudiocacciabue.ar\/consultores_asociados\/wp-content\/uploads\/2022\/06\/WhatsApp-Image-2022-05-31-at-3.40.21-PM-768x1024.jpeg\" alt=\"\" class=\"wp-image-126\" srcset=\"https:\/\/www.estudiocacciabue.com.ar\/consultores_asociados\/wp-content\/uploads\/2022\/06\/WhatsApp-Image-2022-05-31-at-3.40.21-PM-768x1024.jpeg 768w, https:\/\/www.estudiocacciabue.com.ar\/consultores_asociados\/wp-content\/uploads\/2022\/06\/WhatsApp-Image-2022-05-31-at-3.40.21-PM-225x300.jpeg 225w, https:\/\/www.estudiocacciabue.com.ar\/consultores_asociados\/wp-content\/uploads\/2022\/06\/WhatsApp-Image-2022-05-31-at-3.40.21-PM-1152x1536.jpeg 1152w, https:\/\/www.estudiocacciabue.com.ar\/consultores_asociados\/wp-content\/uploads\/2022\/06\/WhatsApp-Image-2022-05-31-at-3.40.21-PM.jpeg 1200w\" sizes=\"(max-width: 768px) 100vw, 768px\" \/><\/figure>\n\n\n\n<figure class=\"wp-block-image size-large\"><img loading=\"lazy\" decoding=\"async\" width=\"1024\" height=\"768\" data-id=\"125\" src=\"https:\/\/www.estudiocacciabue.ar\/consultores_asociados\/wp-content\/uploads\/2022\/06\/WhatsApp-Image-2022-05-31-at-3.40.23-PM-1024x768.jpeg\" alt=\"\" class=\"wp-image-125\" srcset=\"https:\/\/www.estudiocacciabue.com.ar\/consultores_asociados\/wp-content\/uploads\/2022\/06\/WhatsApp-Image-2022-05-31-at-3.40.23-PM-1024x768.jpeg 1024w, https:\/\/www.estudiocacciabue.com.ar\/consultores_asociados\/wp-content\/uploads\/2022\/06\/WhatsApp-Image-2022-05-31-at-3.40.23-PM-300x225.jpeg 300w, https:\/\/www.estudiocacciabue.com.ar\/consultores_asociados\/wp-content\/uploads\/2022\/06\/WhatsApp-Image-2022-05-31-at-3.40.23-PM-768x576.jpeg 768w, https:\/\/www.estudiocacciabue.com.ar\/consultores_asociados\/wp-content\/uploads\/2022\/06\/WhatsApp-Image-2022-05-31-at-3.40.23-PM-1536x1152.jpeg 1536w, https:\/\/www.estudiocacciabue.com.ar\/consultores_asociados\/wp-content\/uploads\/2022\/06\/WhatsApp-Image-2022-05-31-at-3.40.23-PM.jpeg 1600w\" sizes=\"(max-width: 1024px) 100vw, 1024px\" \/><\/figure>\n<\/figure>\n\n\n\n<div class=\"wp-block-columns alignwide is-layout-flex wp-container-core-columns-is-layout-1 wp-block-columns-is-layout-flex\">\n<div class=\"wp-block-column is-layout-flow wp-block-column-is-layout-flow\" style=\"flex-basis:40%\">\n<blockquote class=\"wp-block-quote has-text-align-left is-style-default has-quaternary-background-color has-text-color has-background is-layout-flow wp-block-quote-is-layout-flow\" style=\"color:#656462\">\n<p>Un Equipo de profesionales ofreciendo al Cliente seriedad, compromiso y agilidad<\/p>\n<\/blockquote>\n<\/div>\n\n\n\n<div class=\"wp-block-column is-layout-flow wp-block-column-is-layout-flow\" style=\"flex-basis:60%\">\n<p><strong>Bienvenidos a Estudio Cacciabue<\/strong><\/p>\n\n\n\n<p>Brindamos un servicio de calidad en el \u00e1rea impositiva, laboral, contable y societaria.<\/p>\n\n\n\n<p>Con m\u00e1s de 30 a\u00f1os ininterrumpidos en el ejercicio de la profesi\u00f3n brindamos atenci\u00f3n personalizada ajustada a las necesidades de cada cliente.<\/p>\n\n\n\n<p>Contamos con especialistas en cada \u00e1rea contable orientados a distintas actividades.<\/p>\n\n\n\n<p><\/p>\n<\/div>\n<\/div>\n\n\n\n<figure class=\"wp-block-image alignfull size-large coblocks-animate\" data-coblocks-animation=\"slideInBottom\"><img loading=\"lazy\" decoding=\"async\" width=\"1024\" height=\"768\" src=\"https:\/\/www.estudiocacciabue.ar\/consultores_asociados\/wp-content\/uploads\/2022\/06\/WhatsApp-Image-2022-05-31-at-3.40.24-PM-1024x768.jpeg\" alt=\"\" class=\"wp-image-124\" srcset=\"https:\/\/www.estudiocacciabue.com.ar\/consultores_asociados\/wp-content\/uploads\/2022\/06\/WhatsApp-Image-2022-05-31-at-3.40.24-PM-1024x768.jpeg 1024w, https:\/\/www.estudiocacciabue.com.ar\/consultores_asociados\/wp-content\/uploads\/2022\/06\/WhatsApp-Image-2022-05-31-at-3.40.24-PM-300x225.jpeg 300w, https:\/\/www.estudiocacciabue.com.ar\/consultores_asociados\/wp-content\/uploads\/2022\/06\/WhatsApp-Image-2022-05-31-at-3.40.24-PM-768x576.jpeg 768w, https:\/\/www.estudiocacciabue.com.ar\/consultores_asociados\/wp-content\/uploads\/2022\/06\/WhatsApp-Image-2022-05-31-at-3.40.24-PM-1536x1152.jpeg 1536w, https:\/\/www.estudiocacciabue.com.ar\/consultores_asociados\/wp-content\/uploads\/2022\/06\/WhatsApp-Image-2022-05-31-at-3.40.24-PM.jpeg 1600w\" sizes=\"(max-width: 1024px) 100vw, 1024px\" \/><\/figure>\n\n\n\n<blockquote class=\"wp-block-quote is-style-large is-style-default has-text-color is-layout-flow wp-block-quote-is-layout-flow\" style=\"color:#827f7a\">\n<p>Nuestros Servicios<\/p>\n<\/blockquote>\n\n\n\n<p><strong>Impuestos<br><\/strong>\u2013 Asesoramiento del encuadre impositivo inscripciones y bajas.<br>\u2013 Liquidaci\u00f3n IVA \u2013 Ingresos brutos \u2013 Ganancias \u2013 Bienes Personales.<br>\u2013 Moratorias y planes de facilidades de pago.<br>\u2013 Presentaci\u00f3n de Reg\u00edmenes de Informaci\u00f3n.<br>\u2013 Atenci\u00f3n de inspecciones y minimizaci\u00f3n de los efectos.<br>\u2013 Asesoramiento especializado, personalizado e integral.<\/p>\n\n\n\n<p><br><strong>Contabilidad y Auditoria<br><\/strong>\u2013 Confecci\u00f3n de los Estados Contables<br>\u2013 Presentaci\u00f3n de los Estados Contables ante los organismos oficiales<br>\u2013 Auditor\u00eda de los Estados Contables<br>\u2013 An\u00e1lisis de los Estados Contables<br>\u2013 Certificaciones contables e informes especiales<br>\u2013 Tercerizaci\u00f3n de tareas administrativas, conciliaciones, an\u00e1lisis de cuentas, otros.<br>\u2013 Auditoria operativa<br>\u2013 Auditoria externa<\/p>\n\n\n\n<p><strong>Recursos Humanos<br><\/strong>\u2013 Contrataci\u00f3n de personal<br>\u2013 Liquidaci\u00f3n de sueldos, jornales y cargas sociales.<br>\u2013 Asesoramiento y contrataciones de A.R.T. y Seguros obligatorios<br>\u2013 Asesoramiento legal<\/p>\n\n\n\n<p><br><strong>Servicios Societarios<br><\/strong>\u2013 Estrategia societaria<br>\u2013 Constituci\u00f3n de sociedades<br>\u2013 Inscripciones y tr\u00e1mites ante la Inspecci\u00f3n General de Justicia<br>\u2013 Preparaci\u00f3n de actas<br>\u2013 Asesoramiento en conflictos societarios y en responsabilidad de directores y s\u00edndicos<br>\u2013 Asesoramiento en negociaci\u00f3n, ejecuci\u00f3n&nbsp;y cumplimiento de todo tipo de contratos, resoluci\u00f3n de conflictos.<\/p>\n\n\n\n<figure class=\"wp-block-image alignfull size-large coblocks-animate\" data-coblocks-animation=\"slideInBottom\"><img loading=\"lazy\" decoding=\"async\" width=\"1024\" height=\"768\" src=\"https:\/\/www.estudiocacciabue.ar\/consultores_asociados\/wp-content\/uploads\/2022\/06\/WhatsApp-Image-2022-05-31-at-3.40.23-PM-1024x768.jpeg\" alt=\"\" class=\"wp-image-125\" srcset=\"https:\/\/www.estudiocacciabue.com.ar\/consultores_asociados\/wp-content\/uploads\/2022\/06\/WhatsApp-Image-2022-05-31-at-3.40.23-PM-1024x768.jpeg 1024w, https:\/\/www.estudiocacciabue.com.ar\/consultores_asociados\/wp-content\/uploads\/2022\/06\/WhatsApp-Image-2022-05-31-at-3.40.23-PM-300x225.jpeg 300w, https:\/\/www.estudiocacciabue.com.ar\/consultores_asociados\/wp-content\/uploads\/2022\/06\/WhatsApp-Image-2022-05-31-at-3.40.23-PM-768x576.jpeg 768w, https:\/\/www.estudiocacciabue.com.ar\/consultores_asociados\/wp-content\/uploads\/2022\/06\/WhatsApp-Image-2022-05-31-at-3.40.23-PM-1536x1152.jpeg 1536w, https:\/\/www.estudiocacciabue.com.ar\/consultores_asociados\/wp-content\/uploads\/2022\/06\/WhatsApp-Image-2022-05-31-at-3.40.23-PM.jpeg 1600w\" sizes=\"(max-width: 1024px) 100vw, 1024px\" \/><\/figure>\n\n\n\n<p class=\"has-text-color has-huge-font-size\" style=\"color:#76736a\"><strong>Solicite una entrevista, en breve lo contactaremos!<\/strong><\/p>\n\n\n\n<p><br><strong>L\u00edneas rotativas<\/strong>:\u00a0<a href=\"tel:1144892600\" data-type=\"tel\" data-id=\"tel:1144892600\">(54.11) 4489 2600<\/a> \/ <strong>WhatsApp<\/strong>:\u00a0<a href=\"https:\/\/api.whatsapp.com\/send?phone=541131623274&amp;text=Hola Estudio cacciabue. Necesito asesoramiento sobre algunos servicios.\">(54.11) 3162 3274<\/a> <strong>Email<\/strong>:\u00a0<a href=\"mailto:info@estudiocacciabue.com.ar\">info@estudiocacciabue.com.ar<\/a> \/ <strong>Instagram<\/strong>: <a rel=\"noreferrer noopener\" href=\"https:\/\/www.instagram.com\/estudiocacciabue\/\" target=\"_blank\">estudiocacciabue<\/a><\/p>\n\n\n\n<p><\/p>\n\n\n\n<p><strong>Direcci\u00f3n<\/strong>: Mart\u00edn Fierro 3250, edificio Leloir Plaza 3, piso 1 oficina 106. Parque Leloir, Ituzaingo, Buenos Aires.&nbsp;<\/p>\n\n\n\n<p><\/p>\n\n\n\n<div style=\"min-height:407px\" data-map-attr=\"\/qaddress\/q:\/qMart\u00edn Fierro 3290 L19, B1715BRH Udaondo, Provincia de Buenos Aires\/q||\/qlat\/q:\/qundefined\/q||\/qlng\/q:\/qundefined\/q||\/qskin\/q:\/qstandard\/q||\/qzoom\/q:\/q12\/q||\/qiconSize\/q:\/q36\/q||\/qmapTypeControl\/q:\/qtrue\/q||\/qzoomControl\/q:\/qtrue\/q||\/qstreetViewControl\/q:\/qtrue\/q||\/qfullscreenControl\/q:\/qtrue\/q\" class=\"wp-block-coblocks-map alignfull\"><iframe title=\"Google Map\" frameborder=\"0\" style=\"width:100%;min-height:407px\" src=\"https:\/\/www.google.com\/maps?q=Mart%C3%ADn%20Fierro%203290%20L19%2C%20B1715BRH%20Udaondo%2C%20Provincia%20de%20Buenos%20Aires&amp;output=embed&amp;hl=es&amp;z=12\"><\/iframe><\/div>\n","protected":false},"excerpt":{"rendered":"<p>Contadores P\u00fablicos Un Equipo de profesionales ofreciendo al Cliente seriedad, compromiso y agilidad Bienvenidos a Estudio Cacciabue Brindamos un servicio de calidad en el \u00e1rea impositiva, laboral, contable y societaria. Con m\u00e1s de 30 a\u00f1os ininterrumpidos en el ejercicio de la profesi\u00f3n brindamos atenci\u00f3n personalizada ajustada a las necesidades de cada cliente. Contamos con especialistas [&hellip;]<\/p>\n","protected":false},"author":1,"featured_media":0,"parent":0,"menu_order":0,"comment_status":"closed","ping_status":"closed","template":"","meta":{"hide_page_title":"","footnotes":""},"_links":{"self":[{"href":"https:\/\/www.estudiocacciabue.com.ar\/consultores_asociados\/wp-json\/wp\/v2\/pages\/24"}],"collection":[{"href":"https:\/\/www.estudiocacciabue.com.ar\/consultores_asociados\/wp-json\/wp\/v2\/pages"}],"about":[{"href":"https:\/\/www.estudiocacciabue.com.ar\/consultores_asociados\/wp-json\/wp\/v2\/types\/page"}],"author":[{"embeddable":true,"href":"https:\/\/www.estudiocacciabue.com.ar\/consultores_asociados\/wp-json\/wp\/v2\/users\/1"}],"replies":[{"embeddable":true,"href":"https:\/\/www.estudiocacciabue.com.ar\/consultores_asociados\/wp-json\/wp\/v2\/comments?post=24"}],"version-history":[{"count":40,"href":"https:\/\/www.estudiocacciabue.com.ar\/consultores_asociados\/wp-json\/wp\/v2\/pages\/24\/revisions"}],"predecessor-version":[{"id":167,"href":"https:\/\/www.estudiocacciabue.com.ar\/consultores_asociados\/wp-json\/wp\/v2\/pages\/24\/revisions\/167"}],"wp:attachment":[{"href":"https:\/\/www.estudiocacciabue.com.ar\/consultores_asociados\/wp-json\/wp\/v2\/media?parent=24"}],"curies":[{"name":"wp","href":"https:\/\/api.w.org\/{rel}","templated":true}]}}